{"id":56,"date":"2017-12-12T10:55:12","date_gmt":"2017-12-12T14:55:12","guid":{"rendered":"http:\/\/ayuntamiento.guineo\/transparencia\/?page_id=56"},"modified":"2024-09-07T17:24:12","modified_gmt":"2024-09-07T21:24:12","slug":"derechos-de-los-ciudadanos","status":"publish","type":"page","link":"https:\/\/dmjuanrodriguez.gob.do\/transparencia\/derechos-de-los-ciudadanos\/","title":{"rendered":"Normativa: Derechos de los Ciudadanos de Acceder a la Informaci\u00f3n P\u00fablica"},"content":{"rendered":"<p>En cumplimiento a la Ley 200-04 y el Decreto 130-05, el acceso a la informaci\u00f3n se har\u00e1 efectivo siempre y cuando no afecte la seguridad nacional, el orden p\u00fablico, la salud o la moral p\u00fablica o el derecho a la privacidad e intimidad de un tercero o el derecho a la reputaci\u00f3n de los dem\u00e1s.<\/p>\n<p style=\"text-align: justify\"><img loading=\"lazy\" decoding=\"async\" class=\"alignnone wp-image-596\" src=\"http:\/\/dmjuanrodriguez.gob.do\/transparencia\/wp-content\/uploads\/2024\/09\/Imagen1-1-250x170.png\" alt=\"\" width=\"654\" height=\"445\" srcset=\"https:\/\/dmjuanrodriguez.gob.do\/transparencia\/wp-content\/uploads\/2024\/09\/Imagen1-1-250x170.png 250w, https:\/\/dmjuanrodriguez.gob.do\/transparencia\/wp-content\/uploads\/2024\/09\/Imagen1-1-700x476.png 700w, https:\/\/dmjuanrodriguez.gob.do\/transparencia\/wp-content\/uploads\/2024\/09\/Imagen1-1-768x522.png 768w, https:\/\/dmjuanrodriguez.gob.do\/transparencia\/wp-content\/uploads\/2024\/09\/Imagen1-1-120x82.png 120w, https:\/\/dmjuanrodriguez.gob.do\/transparencia\/wp-content\/uploads\/2024\/09\/Imagen1-1.png 877w\" sizes=\"(max-width: 654px) 100vw, 654px\" \/><\/p>\n<p><img loading=\"lazy\" decoding=\"async\" class=\"alignnone wp-image-598\" src=\"http:\/\/dmjuanrodriguez.gob.do\/transparencia\/wp-content\/uploads\/2024\/09\/Imagen4-1-250x215.png\" alt=\"\" width=\"653\" height=\"562\" srcset=\"https:\/\/dmjuanrodriguez.gob.do\/transparencia\/wp-content\/uploads\/2024\/09\/Imagen4-1-250x215.png 250w, https:\/\/dmjuanrodriguez.gob.do\/transparencia\/wp-content\/uploads\/2024\/09\/Imagen4-1-700x603.png 700w, https:\/\/dmjuanrodriguez.gob.do\/transparencia\/wp-content\/uploads\/2024\/09\/Imagen4-1-768x661.png 768w, https:\/\/dmjuanrodriguez.gob.do\/transparencia\/wp-content\/uploads\/2024\/09\/Imagen4-1-120x103.png 120w, https:\/\/dmjuanrodriguez.gob.do\/transparencia\/wp-content\/uploads\/2024\/09\/Imagen4-1.png 899w\" sizes=\"(max-width: 653px) 100vw, 653px\" \/><\/p>\n<p><img loading=\"lazy\" decoding=\"async\" class=\"alignnone  wp-image-600\" src=\"http:\/\/dmjuanrodriguez.gob.do\/transparencia\/wp-content\/uploads\/2024\/09\/Imagen5-1-250x245.png\" alt=\"\" width=\"652\" height=\"639\" srcset=\"https:\/\/dmjuanrodriguez.gob.do\/transparencia\/wp-content\/uploads\/2024\/09\/Imagen5-1-250x245.png 250w, https:\/\/dmjuanrodriguez.gob.do\/transparencia\/wp-content\/uploads\/2024\/09\/Imagen5-1-700x685.png 700w, https:\/\/dmjuanrodriguez.gob.do\/transparencia\/wp-content\/uploads\/2024\/09\/Imagen5-1-120x117.png 120w, https:\/\/dmjuanrodriguez.gob.do\/transparencia\/wp-content\/uploads\/2024\/09\/Imagen5-1.png 736w\" sizes=\"(max-width: 652px) 100vw, 652px\" \/><\/p>\n","protected":false},"excerpt":{"rendered":"En cumplimiento a la Ley 200-04 y el Decreto 130-05, el acceso a la informaci\u00f3n se har\u00e1 efectivo siempre y cuando no afecte la seguridad nacional, el orden p\u00fablico, la salud o la moral p\u00fablica o el derecho a la privacidad e intimidad de un tercero o el derecho a la reputaci\u00f3n de los dem\u00e1s.","protected":false},"author":1,"featured_media":0,"parent":0,"menu_order":0,"comment_status":"closed","ping_status":"closed","template":"","meta":{"footnotes":""},"_links":{"self":[{"href":"https:\/\/dmjuanrodriguez.gob.do\/transparencia\/wp-json\/wp\/v2\/pages\/56"}],"collection":[{"href":"https:\/\/dmjuanrodriguez.gob.do\/transparencia\/wp-json\/wp\/v2\/pages"}],"about":[{"href":"https:\/\/dmjuanrodriguez.gob.do\/transparencia\/wp-json\/wp\/v2\/types\/page"}],"author":[{"embeddable":true,"href":"https:\/\/dmjuanrodriguez.gob.do\/transparencia\/wp-json\/wp\/v2\/users\/1"}],"replies":[{"embeddable":true,"href":"https:\/\/dmjuanrodriguez.gob.do\/transparencia\/wp-json\/wp\/v2\/comments?post=56"}],"version-history":[{"count":19,"href":"https:\/\/dmjuanrodriguez.gob.do\/transparencia\/wp-json\/wp\/v2\/pages\/56\/revisions"}],"predecessor-version":[{"id":601,"href":"https:\/\/dmjuanrodriguez.gob.do\/transparencia\/wp-json\/wp\/v2\/pages\/56\/revisions\/601"}],"wp:attachment":[{"href":"https:\/\/dmjuanrodriguez.gob.do\/transparencia\/wp-json\/wp\/v2\/media?parent=56"}],"curies":[{"name":"wp","href":"https:\/\/api.w.org\/{rel}","templated":true}]}}