{"id":339,"date":"2018-01-22T15:11:07","date_gmt":"2018-01-22T19:11:07","guid":{"rendered":"http:\/\/ayuntamiento.o\/transparencia\/?page_id=339"},"modified":"2024-09-12T01:35:42","modified_gmt":"2024-09-12T05:35:42","slug":"como-ser-proveedor","status":"publish","type":"page","link":"https:\/\/dmjuanrodriguez.gob.do\/transparencia\/como-ser-proveedor\/","title":{"rendered":"\u00bfC\u00f3mo ser proveedor?"},"content":{"rendered":"<h3 class=\"Transparencia-Title\" style=\"text-align: justify\">\u00bfC\u00f3mo registrarse como proveedor del estado?<\/h3>\n<p style=\"text-align: justify\"><strong>Registro actualizado de los oferentes que pueden suplir art\u00edculos y\/o servicios a las distintas Instituciones Gubernamentales en el \u00e1mbito de aplicaci\u00f3n de la Ley No. 340-06 sobre Compras y Contrataciones y su reglamento.<\/strong><\/p>\n<p style=\"text-align: justify\">Es de manera gratuita y su plazo para la inscripci\u00f3n efectiva es de m\u00e1ximo 10 d\u00edas h\u00e1biles. Los requisitos del mismo var\u00edan para persona f\u00edsica o jur\u00eddica, deben ser cumplidas adecuadamente para completar el registro y poder participar en los procedimientos de compras de entidades p\u00fablicas<\/p>\n<p style=\"text-align: justify\">A continuaci\u00f3n se detallan los requisitos para la inscripci\u00f3n de proveedores en sus distintas categor\u00edas. Adicionalmente, debe inscribirse como beneficiario en la Direcci\u00f3n General de Contrataciones P\u00fablicas, los requisitos lo puede encontrar\u00a0<a href=\"https:\/\/www.dgcp.gob.do\/servicios\/registro-de-proveedores\/\">aqu\u00ed.<\/a><\/p>\n<hr \/>\n<div style=\"text-align: justify\"><strong>Para las personas f\u00edsicas:\u00a0<\/strong><\/div>\n<ol>\n<li style=\"text-align: justify\">Completar el formulario de solicitud.<\/li>\n<li style=\"text-align: justify\">Copia de la C\u00e9dula de Identidad y Electoral del solicitante.<\/li>\n<li style=\"text-align: justify\">Certificaci\u00f3n de colegiatura, si procede.<\/li>\n<li style=\"text-align: justify\">Declaraci\u00f3n jurada donde certifique que no es un funcionario de primer y segundo nivel de jerarqu\u00eda de las instituciones del Estado, y que no se encuentra afectado por las dem\u00e1s prohibiciones establecidas en el art\u00edculo No. 14 de la Ley No. 340-06 y sus modificaciones.<\/li>\n<\/ol>\n<div style=\"text-align: justify\">\n<hr \/>\n<\/div>\n<div style=\"text-align: justify\"><strong>Para las personas jur\u00eddicas:<\/strong><\/div>\n<ol>\n<li style=\"text-align: justify\">Completar el formulario de solicitud.<\/li>\n<li style=\"text-align: justify\">Copia del Certificado del Registro Mercantil actualizado, registrado ante \u00a0la C\u00e1mara de Comercio y Producci\u00f3n correspondiente.<\/li>\n<li style=\"text-align: justify\">Composici\u00f3n accionaria de la persona jur\u00eddica, debidamente registrada ante la C\u00e1mara de Comercio y Producci\u00f3n correspondiente.<\/li>\n<li style=\"text-align: justify\">Lista de presencia y acta de la \u00faltima Asamblea General Ordinaria \u00a0 Anual, por la cual se nombre el actual Consejo de Administraci\u00f3n, debidamente registrada ante la C\u00e1mara de Comercio y Producci\u00f3n correspondiente.<\/li>\n<li style=\"text-align: justify\">Declaraci\u00f3n jurada de la persona que corresponda, donde certifique que sus accionistas no son \u00a0funcionarios de primer y segundo nivel de jerarqu\u00eda de las instituciones del Estado, y que no se encuentran afectados por las dem\u00e1s prohibiciones establecidas en el art\u00edculo No. 14 de la Ley No. 340-06 y sus modificaciones.<\/li>\n<\/ol>\n<div style=\"text-align: justify\">\n<hr \/>\n<\/div>\n<div style=\"text-align: justify\"><strong>Para Asociaciones sin fines de lucro:<\/strong><\/div>\n<ol>\n<li style=\"text-align: justify\">Completar el formulario de solicitud.<\/li>\n<li style=\"text-align: justify\">Registro de incorporaci\u00f3n emitido por la Procuradur\u00eda General de la \u00a0 Rep\u00fablica, de la Procuradur\u00eda General de la Corte de Apelaci\u00f3n correspondiente.<\/li>\n<li style=\"text-align: justify\">Copia del Certificado de inscripci\u00f3n en el Centro Nacional de Fomento y<\/li>\n<li style=\"text-align: justify\">Promoci\u00f3n a las Asociaciones sin fines de lucro del Ministerio de Econom\u00eda, Planificaci\u00f3n y Desarrollo.<\/li>\n<li style=\"text-align: justify\">Relaci\u00f3n de su membres\u00eda.<\/li>\n<li style=\"text-align: justify\">Declaraci\u00f3n jurada donde certifique que sus miembros \u00a0no son \u00a0funcionarios de primer y segundo nivel de jerarqu\u00eda de las instituciones del Estado, y que no se encuentran afectados por las dem\u00e1s prohibiciones establecidas en el art\u00edculo No. 14 de la Ley No. 340-06 y sus modificaciones.<\/li>\n<\/ol>\n<div style=\"text-align: justify\">\n<hr \/>\n<\/div>\n<div style=\"text-align: justify\"><strong>Para Cooperativas:<\/strong><\/div>\n<ol>\n<li style=\"text-align: justify\">\u00a0Completar formulario de solicitud.<\/li>\n<li style=\"text-align: justify\">\u00a0Copia \u00a0registrada del Decreto de Incorporaci\u00f3n de la cooperativa.<\/li>\n<li style=\"text-align: justify\">Certificaci\u00f3n de IDECOOP de la existencia de la cooperativa.<\/li>\n<li style=\"text-align: justify\">\u00a0N\u00f3mina de asociados.<\/li>\n<li style=\"text-align: justify\">Declaraci\u00f3n jurada donde certifique que sus asociados \u00a0no son \u00a0funcionarios de primer y segundo nivel de jerarqu\u00eda de las instituciones del Estado, y que no se encuentran afectados por las dem\u00e1s prohibiciones establecidas en el art\u00edculo No. 14 de la Ley No. 340-06 y sus modificaciones.<\/li>\n<\/ol>\n<hr \/>\n<div style=\"text-align: justify\"><strong>Para Consorcios<\/strong><\/div>\n<div style=\"text-align: justify\">\n<ol>\n<li>Completar el formulario de solicitud.<\/li>\n<li>Original del Acto Notarial por el cual se formaliza el consorcio, incluyendo su objeto, las obligaciones de las partes, su duraci\u00f3n la capacidad de ejercicio de cada miembro del consorcio, as\u00ed como sus generales.<\/li>\n<li>\u00a0Constancia de inscripci\u00f3n en el Registro de Proveedores del Estado de cada una de las personas jur\u00eddicas que conforman el Consorcio.<\/li>\n<li>Prueba de que todas las personas jur\u00eddicas que integran el consorcio se encuentran al d\u00eda en el pago de sus obligaciones fiscales y de seguridad social.<\/li>\n<li>Poder especial de designaci\u00f3n del representante o gerente \u00fanico del Consorcio autorizado por todas las empresas participantes en el consorcio.<\/li>\n<\/ol>\n<div><\/div>\n<\/div>\n<div style=\"text-align: justify\"><\/div>\n<hr \/>\n<div>\n<div style=\"text-align: justify\"><strong>*Notas:<\/strong><\/div>\n<ul>\n<li style=\"text-align: justify\">Las personas naturales o jur\u00eddicas extranjeras deber\u00e1n depositar los documentos que en su pa\u00eds de origen sean equivalentes a los que se les requieren a las personas naturales o jur\u00eddicas nacionales, debidamente traducidos al idioma espa\u00f1ol y Apostillados conforme al Convenio de La Haya o por el Consulado Dominicano del pa\u00eds de procedencia, seg\u00fan corresponda.<\/li>\n<li style=\"text-align: justify\">Para solicitar la inscripci\u00f3n o actualizaci\u00f3n del registro de proveedores, las personas f\u00edsicas, jur\u00eddicas, asociaciones sin fines de lucro, cooperativas y empresas extranjeras deber\u00e1n estar al d\u00eda en sus impuestos.<\/li>\n<\/ul>\n<hr \/>\n<p>&nbsp;<\/p>\n<\/div>\n","protected":false},"excerpt":{"rendered":"\u00bfC\u00f3mo registrarse como proveedor del estado? Registro actualizado de los oferentes que pueden suplir art\u00edculos y\/o servicios a las distintas Instituciones Gubernamentales en el \u00e1mbito de aplicaci\u00f3n de la Ley No. 340-06 sobre Compras y Contrataciones y su reglamento. Es de manera gratuita y su plazo para la inscripci\u00f3n efectiva es de m\u00e1ximo 10 d\u00edas&#8230;","protected":false},"author":1,"featured_media":0,"parent":0,"menu_order":0,"comment_status":"closed","ping_status":"closed","template":"","meta":{"footnotes":""},"_links":{"self":[{"href":"https:\/\/dmjuanrodriguez.gob.do\/transparencia\/wp-json\/wp\/v2\/pages\/339"}],"collection":[{"href":"https:\/\/dmjuanrodriguez.gob.do\/transparencia\/wp-json\/wp\/v2\/pages"}],"about":[{"href":"https:\/\/dmjuanrodriguez.gob.do\/transparencia\/wp-json\/wp\/v2\/types\/page"}],"author":[{"embeddable":true,"href":"https:\/\/dmjuanrodriguez.gob.do\/transparencia\/wp-json\/wp\/v2\/users\/1"}],"replies":[{"embeddable":true,"href":"https:\/\/dmjuanrodriguez.gob.do\/transparencia\/wp-json\/wp\/v2\/comments?post=339"}],"version-history":[{"count":2,"href":"https:\/\/dmjuanrodriguez.gob.do\/transparencia\/wp-json\/wp\/v2\/pages\/339\/revisions"}],"predecessor-version":[{"id":634,"href":"https:\/\/dmjuanrodriguez.gob.do\/transparencia\/wp-json\/wp\/v2\/pages\/339\/revisions\/634"}],"wp:attachment":[{"href":"https:\/\/dmjuanrodriguez.gob.do\/transparencia\/wp-json\/wp\/v2\/media?parent=339"}],"curies":[{"name":"wp","href":"https:\/\/api.w.org\/{rel}","templated":true}]}}