{"id":258,"date":"2018-01-22T10:17:40","date_gmt":"2018-01-22T14:17:40","guid":{"rendered":"http:\/\/ayuntamiento.o\/transparencia\/?page_id=258"},"modified":"2024-12-04T22:36:23","modified_gmt":"2024-12-05T02:36:23","slug":"responsable-de-acceso-a-la-informacion","status":"publish","type":"page","link":"https:\/\/dmjuanrodriguez.gob.do\/transparencia\/responsable-de-acceso-a-la-informacion\/","title":{"rendered":"Responsable de Acceso a la Informaci\u00f3n"},"content":{"rendered":"<p class=\"paragraph ng-attr-widget\"><span style=\"font-size: 14pt\"><strong>Contacto Responsable de Acceso a la Informaci\u00f3n<\/strong><\/span><\/p>\n<p style=\"text-align: left\"><strong><em><span style=\"font-size: 14pt\">Sr. Jos\u00e9 Javier Cruz Molina<\/span><\/em><\/strong><br \/>\n<span style=\"font-size: 14pt\">Responsable de Acceso a la Informaci\u00f3n Municipal (RAI)<\/span><\/p>\n<p style=\"text-align: left\"><strong><span style=\"font-size: 14pt\"><em>Tel.: <\/em><em>+1 (809) 896-2028 \u2013 Ext. 103\u00a0<\/em><\/span><\/strong><\/p>\n<p style=\"text-align: left\"><span style=\"font-size: 14pt\"><strong>Correo electr\u00f3nico:<\/strong> \u00a0oficinalibreaccesoinformacion@gmail.com <strong>(Institucional)<\/strong><\/span><\/p>\n<p style=\"text-align: left\"><span style=\"font-size: 14pt\"><strong>Direcci\u00f3n:<\/strong> C\/Ram\u00f3n Perfecto L\u00f3pez Salcedo, No. 14, Cruce de Barranca. D.M. Don Juan Rodr\u00edguez, La Vega. Rep. Dom.<\/span><\/p>\n<hr \/>\n<table style=\"border-collapse: collapse;width: 100%;height: 266px\">\n<tbody>\n<tr style=\"height: 266px\">\n<td style=\"width: 50%;height: 266px\"><img loading=\"lazy\" decoding=\"async\" class=\"wp-image-637 aligncenter\" style=\"text-align: justify\" src=\"http:\/\/dmjuanrodriguez.gob.do\/transparencia\/wp-content\/uploads\/2024\/09\/Imagen6-1-250x184.png\" alt=\"\" width=\"371\" height=\"273\" srcset=\"https:\/\/dmjuanrodriguez.gob.do\/transparencia\/wp-content\/uploads\/2024\/09\/Imagen6-1-250x184.png 250w, https:\/\/dmjuanrodriguez.gob.do\/transparencia\/wp-content\/uploads\/2024\/09\/Imagen6-1-700x515.png 700w, https:\/\/dmjuanrodriguez.gob.do\/transparencia\/wp-content\/uploads\/2024\/09\/Imagen6-1-768x565.png 768w, https:\/\/dmjuanrodriguez.gob.do\/transparencia\/wp-content\/uploads\/2024\/09\/Imagen6-1-1536x1130.png 1536w, https:\/\/dmjuanrodriguez.gob.do\/transparencia\/wp-content\/uploads\/2024\/09\/Imagen6-1-2048x1507.png 2048w, https:\/\/dmjuanrodriguez.gob.do\/transparencia\/wp-content\/uploads\/2024\/09\/Imagen6-1-120x88.png 120w\" sizes=\"(max-width: 371px) 100vw, 371px\" \/><\/td>\n<td style=\"width: 50%;height: 266px\"><img loading=\"lazy\" decoding=\"async\" class=\"wp-image-639 aligncenter\" src=\"http:\/\/dmjuanrodriguez.gob.do\/transparencia\/wp-content\/uploads\/2024\/09\/Imagen4-2-250x184.png\" alt=\"\" width=\"369\" height=\"271\" srcset=\"https:\/\/dmjuanrodriguez.gob.do\/transparencia\/wp-content\/uploads\/2024\/09\/Imagen4-2-250x184.png 250w, https:\/\/dmjuanrodriguez.gob.do\/transparencia\/wp-content\/uploads\/2024\/09\/Imagen4-2-700x514.png 700w, https:\/\/dmjuanrodriguez.gob.do\/transparencia\/wp-content\/uploads\/2024\/09\/Imagen4-2-768x564.png 768w, https:\/\/dmjuanrodriguez.gob.do\/transparencia\/wp-content\/uploads\/2024\/09\/Imagen4-2-1536x1129.png 1536w, https:\/\/dmjuanrodriguez.gob.do\/transparencia\/wp-content\/uploads\/2024\/09\/Imagen4-2-2048x1505.png 2048w, https:\/\/dmjuanrodriguez.gob.do\/transparencia\/wp-content\/uploads\/2024\/09\/Imagen4-2-120x88.png 120w\" sizes=\"(max-width: 369px) 100vw, 369px\" \/><\/td>\n<\/tr>\n<\/tbody>\n<\/table>\n<hr \/>\n<p><a href=\"http:\/\/dmjuanrodriguez.gob.do\/transparencia\/wp-content\/uploads\/2024\/10\/INFORMACIONES-DEL-CORREO-GMAIL-JUNTA-DEL-DISTRITO-MUNCIPAL-DON-JUAN-RODRIGUEZ.pdf\">INFORMACIONES DEL CORREO GMAIL-JUNTA DEL DISTRITO MUNCIPAL DON JUAN RODRIGUEZ<\/a><\/p>\n<p><a href=\"http:\/\/dmjuanrodriguez.gob.do\/transparencia\/wp-content\/uploads\/2024\/10\/INFORMACIONES-DEL-CORREO-GMAIL-OAIM-JUNTA-DEL-DISTRITO-MUNCIPAL-DON-JUAN-RODRIGUEZ.pdf\">INFORMACIONES DEL CORREO GMAIL- OAIM &#8211; JUNTA DEL DISTRITO MUNCIPAL DON JUAN RODRIGUEZ<\/a><\/p>\n<p><a href=\"http:\/\/dmjuanrodriguez.gob.do\/transparencia\/wp-content\/uploads\/2024\/12\/FORMULARIO-DE-SOLICITUD-DE-INFORMACION-PUBLICA-.pdf\">FORMULARIO DE SOLICITUD DE INFORMACION PUBLICA<\/a><\/p>\n","protected":false},"excerpt":{"rendered":"Contacto Responsable de Acceso a la Informaci\u00f3n Sr. Jos\u00e9 Javier Cruz Molina Responsable de Acceso a la Informaci\u00f3n Municipal (RAI) Tel.: +1 (809) 896-2028 \u2013 Ext. 103\u00a0 Correo electr\u00f3nico: \u00a0oficinalibreaccesoinformacion@gmail.com (Institucional) Direcci\u00f3n: C\/Ram\u00f3n Perfecto L\u00f3pez Salcedo, No. 14, Cruce de Barranca. D.M. Don Juan Rodr\u00edguez, La Vega. Rep. Dom. INFORMACIONES DEL CORREO GMAIL-JUNTA DEL DISTRITO&#8230;","protected":false},"author":1,"featured_media":0,"parent":0,"menu_order":0,"comment_status":"closed","ping_status":"closed","template":"","meta":{"footnotes":""},"_links":{"self":[{"href":"https:\/\/dmjuanrodriguez.gob.do\/transparencia\/wp-json\/wp\/v2\/pages\/258"}],"collection":[{"href":"https:\/\/dmjuanrodriguez.gob.do\/transparencia\/wp-json\/wp\/v2\/pages"}],"about":[{"href":"https:\/\/dmjuanrodriguez.gob.do\/transparencia\/wp-json\/wp\/v2\/types\/page"}],"author":[{"embeddable":true,"href":"https:\/\/dmjuanrodriguez.gob.do\/transparencia\/wp-json\/wp\/v2\/users\/1"}],"replies":[{"embeddable":true,"href":"https:\/\/dmjuanrodriguez.gob.do\/transparencia\/wp-json\/wp\/v2\/comments?post=258"}],"version-history":[{"count":18,"href":"https:\/\/dmjuanrodriguez.gob.do\/transparencia\/wp-json\/wp\/v2\/pages\/258\/revisions"}],"predecessor-version":[{"id":943,"href":"https:\/\/dmjuanrodriguez.gob.do\/transparencia\/wp-json\/wp\/v2\/pages\/258\/revisions\/943"}],"wp:attachment":[{"href":"https:\/\/dmjuanrodriguez.gob.do\/transparencia\/wp-json\/wp\/v2\/media?parent=258"}],"curies":[{"name":"wp","href":"https:\/\/api.w.org\/{rel}","templated":true}]}}